{"id":175,"date":"2015-12-03T19:33:50","date_gmt":"2015-12-03T18:33:50","guid":{"rendered":"http:\/\/www.laetitiadisone.fr\/index_wp.php\/?page_id=175"},"modified":"2022-08-23T08:25:18","modified_gmt":"2022-08-23T07:25:18","slug":"home","status":"publish","type":"page","link":"https:\/\/www.laetitiadisone.fr\/","title":{"rendered":"laetitia disone, artiste peintre et c\u00e9ramiste"},"content":{"rendered":"<div style=\"text-align: center; margin: 0 auto;\"><img loading=\"lazy\" class=\"aligncenter wp-image-1262 size-full\" src=\"https:\/\/www.laetitiadisone.fr\/wp-content\/uploads\/2022\/08\/laetitia-disone_HP_frontispice_carre-2.jpg\" alt=\"\" width=\"1100\" height=\"680\" srcset=\"https:\/\/www.laetitiadisone.fr\/wp-content\/uploads\/2022\/08\/laetitia-disone_HP_frontispice_carre-2.jpg 1100w, https:\/\/www.laetitiadisone.fr\/wp-content\/uploads\/2022\/08\/laetitia-disone_HP_frontispice_carre-2-300x185.jpg 300w, https:\/\/www.laetitiadisone.fr\/wp-content\/uploads\/2022\/08\/laetitia-disone_HP_frontispice_carre-2-1024x633.jpg 1024w, https:\/\/www.laetitiadisone.fr\/wp-content\/uploads\/2022\/08\/laetitia-disone_HP_frontispice_carre-2-768x475.jpg 768w, https:\/\/www.laetitiadisone.fr\/wp-content\/uploads\/2022\/08\/laetitia-disone_HP_frontispice_carre-2-920x569.jpg 920w\" sizes=\"(max-width: 1100px) 100vw, 1100px\" \/><\/div>\n","protected":false},"excerpt":{"rendered":"","protected":false},"author":1,"featured_media":1110,"parent":0,"menu_order":0,"comment_status":"closed","ping_status":"closed","template":"template-full-width.php","meta":[],"yoast_head":"<!-- This site is optimized with the Yoast SEO plugin v19.5.1 - https:\/\/yoast.com\/wordpress\/plugins\/seo\/ -->\n<title>C\u00e9ramique | Papiers d\u00e9coup\u00e9s | Dessin | Laetitia DISONE | Paris<\/title>\n<meta name=\"description\" content=\"Laetitia Disone, peintre et c\u00e9ramiste, travaille la ligne par le dessin, la peinture et le d\u00e9coupage, exprimant l&#039;\u00eatre des femmes urbaines.\" \/>\n<meta name=\"robots\" content=\"index, follow, max-snippet:-1, max-image-preview:large, max-video-preview:-1\" \/>\n<link rel=\"canonical\" href=\"https:\/\/www.laetitiadisone.fr\/\" \/>\n<meta property=\"og:locale\" content=\"fr_FR\" \/>\n<meta property=\"og:type\" content=\"article\" \/>\n<meta property=\"og:title\" content=\"C\u00e9ramique | Papiers d\u00e9coup\u00e9s | Dessin | Laetitia DISONE | Paris\" \/>\n<meta property=\"og:description\" content=\"Laetitia Disone, peintre et c\u00e9ramiste, travaille la ligne par le dessin, la peinture et le d\u00e9coupage, exprimant l&#039;\u00eatre des femmes urbaines.\" \/>\n<meta property=\"og:url\" content=\"https:\/\/www.laetitiadisone.fr\/\" \/>\n<meta property=\"og:site_name\" content=\"Laetitia disone\" \/>\n<meta property=\"article:publisher\" content=\"https:\/\/www.facebook.com\/laetitia.disone\" \/>\n<meta property=\"article:modified_time\" content=\"2022-08-23T07:25:18+00:00\" \/>\n<meta property=\"og:image\" content=\"https:\/\/www.laetitiadisone.fr\/wp-content\/uploads\/2022\/08\/Laetitia-Disone_Home_Frontispice_2022.jpg\" \/>\n\t<meta property=\"og:image:width\" content=\"1116\" \/>\n\t<meta property=\"og:image:height\" content=\"827\" \/>\n\t<meta property=\"og:image:type\" content=\"image\/jpeg\" \/>\n<meta name=\"twitter:card\" content=\"summary\" \/>\n<meta name=\"twitter:site\" content=\"@laetitiadisone\" \/>\n<meta name=\"twitter:label1\" content=\"Dur\u00e9e de lecture estim\u00e9e\" \/>\n\t<meta name=\"twitter:data1\" content=\"1 minute\" \/>\n<script type=\"application\/ld+json\" class=\"yoast-schema-graph\">{\"@context\":\"https:\/\/schema.org\",\"@graph\":[{\"@type\":\"WebPage\",\"@id\":\"https:\/\/www.laetitiadisone.fr\/\",\"url\":\"https:\/\/www.laetitiadisone.fr\/\",\"name\":\"C\u00e9ramique | Papiers d\u00e9coup\u00e9s | Dessin | Laetitia DISONE | Paris\",\"isPartOf\":{\"@id\":\"https:\/\/www.laetitiadisone.fr\/#website\"},\"datePublished\":\"2015-12-03T18:33:50+00:00\",\"dateModified\":\"2022-08-23T07:25:18+00:00\",\"description\":\"Laetitia Disone, peintre et c\u00e9ramiste, travaille la ligne par le dessin, la peinture et le d\u00e9coupage, exprimant l'\u00eatre des femmes urbaines.\",\"breadcrumb\":{\"@id\":\"https:\/\/www.laetitiadisone.fr\/#breadcrumb\"},\"inLanguage\":\"fr-FR\",\"potentialAction\":[{\"@type\":\"ReadAction\",\"target\":[\"https:\/\/www.laetitiadisone.fr\/\"]}]},{\"@type\":\"BreadcrumbList\",\"@id\":\"https:\/\/www.laetitiadisone.fr\/#breadcrumb\",\"itemListElement\":[{\"@type\":\"ListItem\",\"position\":1,\"name\":\"Accueil\",\"item\":\"https:\/\/www.laetitiadisone.fr\/\"},{\"@type\":\"ListItem\",\"position\":2,\"name\":\"laetitia disone, artiste peintre et c\u00e9ramiste\"}]},{\"@type\":\"WebSite\",\"@id\":\"https:\/\/www.laetitiadisone.fr\/#website\",\"url\":\"https:\/\/www.laetitiadisone.fr\/\",\"name\":\"Laetitia disone\",\"description\":\"artiste peintre, c\u00e9ramiste\",\"potentialAction\":[{\"@type\":\"SearchAction\",\"target\":{\"@type\":\"EntryPoint\",\"urlTemplate\":\"https:\/\/www.laetitiadisone.fr\/?s={search_term_string}\"},\"query-input\":\"required name=search_term_string\"}],\"inLanguage\":\"fr-FR\"}]}<\/script>\n<!-- \/ Yoast SEO plugin. -->","yoast_head_json":{"title":"C\u00e9ramique | Papiers d\u00e9coup\u00e9s | Dessin | Laetitia DISONE | Paris","description":"Laetitia Disone, peintre et c\u00e9ramiste, travaille la ligne par le dessin, la peinture et le d\u00e9coupage, exprimant l'\u00eatre des femmes urbaines.","robots":{"index":"index","follow":"follow","max-snippet":"max-snippet:-1","max-image-preview":"max-image-preview:large","max-video-preview":"max-video-preview:-1"},"canonical":"https:\/\/www.laetitiadisone.fr\/","og_locale":"fr_FR","og_type":"article","og_title":"C\u00e9ramique | Papiers d\u00e9coup\u00e9s | Dessin | Laetitia DISONE | Paris","og_description":"Laetitia Disone, peintre et c\u00e9ramiste, travaille la ligne par le dessin, la peinture et le d\u00e9coupage, exprimant l'\u00eatre des femmes urbaines.","og_url":"https:\/\/www.laetitiadisone.fr\/","og_site_name":"Laetitia disone","article_publisher":"https:\/\/www.facebook.com\/laetitia.disone","article_modified_time":"2022-08-23T07:25:18+00:00","og_image":[{"width":1116,"height":827,"url":"https:\/\/www.laetitiadisone.fr\/wp-content\/uploads\/2022\/08\/Laetitia-Disone_Home_Frontispice_2022.jpg","type":"image\/jpeg"}],"twitter_card":"summary","twitter_site":"@laetitiadisone","twitter_misc":{"Dur\u00e9e de lecture estim\u00e9e":"1 minute"},"schema":{"@context":"https:\/\/schema.org","@graph":[{"@type":"WebPage","@id":"https:\/\/www.laetitiadisone.fr\/","url":"https:\/\/www.laetitiadisone.fr\/","name":"C\u00e9ramique | Papiers d\u00e9coup\u00e9s | Dessin | Laetitia DISONE | Paris","isPartOf":{"@id":"https:\/\/www.laetitiadisone.fr\/#website"},"datePublished":"2015-12-03T18:33:50+00:00","dateModified":"2022-08-23T07:25:18+00:00","description":"Laetitia Disone, peintre et c\u00e9ramiste, travaille la ligne par le dessin, la peinture et le d\u00e9coupage, exprimant l'\u00eatre des femmes urbaines.","breadcrumb":{"@id":"https:\/\/www.laetitiadisone.fr\/#breadcrumb"},"inLanguage":"fr-FR","potentialAction":[{"@type":"ReadAction","target":["https:\/\/www.laetitiadisone.fr\/"]}]},{"@type":"BreadcrumbList","@id":"https:\/\/www.laetitiadisone.fr\/#breadcrumb","itemListElement":[{"@type":"ListItem","position":1,"name":"Accueil","item":"https:\/\/www.laetitiadisone.fr\/"},{"@type":"ListItem","position":2,"name":"laetitia disone, artiste peintre et c\u00e9ramiste"}]},{"@type":"WebSite","@id":"https:\/\/www.laetitiadisone.fr\/#website","url":"https:\/\/www.laetitiadisone.fr\/","name":"Laetitia disone","description":"artiste peintre, c\u00e9ramiste","potentialAction":[{"@type":"SearchAction","target":{"@type":"EntryPoint","urlTemplate":"https:\/\/www.laetitiadisone.fr\/?s={search_term_string}"},"query-input":"required name=search_term_string"}],"inLanguage":"fr-FR"}]}},"_links":{"self":[{"href":"https:\/\/www.laetitiadisone.fr\/index.php\/wp-json\/wp\/v2\/pages\/175"}],"collection":[{"href":"https:\/\/www.laetitiadisone.fr\/index.php\/wp-json\/wp\/v2\/pages"}],"about":[{"href":"https:\/\/www.laetitiadisone.fr\/index.php\/wp-json\/wp\/v2\/types\/page"}],"author":[{"embeddable":true,"href":"https:\/\/www.laetitiadisone.fr\/index.php\/wp-json\/wp\/v2\/users\/1"}],"replies":[{"embeddable":true,"href":"https:\/\/www.laetitiadisone.fr\/index.php\/wp-json\/wp\/v2\/comments?post=175"}],"version-history":[{"count":41,"href":"https:\/\/www.laetitiadisone.fr\/index.php\/wp-json\/wp\/v2\/pages\/175\/revisions"}],"predecessor-version":[{"id":1291,"href":"https:\/\/www.laetitiadisone.fr\/index.php\/wp-json\/wp\/v2\/pages\/175\/revisions\/1291"}],"wp:featuredmedia":[{"embeddable":true,"href":"https:\/\/www.laetitiadisone.fr\/index.php\/wp-json\/wp\/v2\/media\/1110"}],"wp:attachment":[{"href":"https:\/\/www.laetitiadisone.fr\/index.php\/wp-json\/wp\/v2\/media?parent=175"}],"curies":[{"name":"wp","href":"https:\/\/api.w.org\/{rel}","templated":true}]}}